{"id":1395,"date":"2025-11-04T11:35:40","date_gmt":"2025-11-04T10:35:40","guid":{"rendered":"https:\/\/mobleantic.com\/services\/ferrures-et-materiel-de-restauration\/"},"modified":"2026-04-20T12:22:16","modified_gmt":"2026-04-20T10:22:16","slug":"ferrures-et-materiel-de-restauration","status":"publish","type":"page","link":"https:\/\/mobleantic.com\/fr\/services\/ferrures-et-materiel-de-restauration\/","title":{"rendered":"Ferrures et mat\u00e9riel de restauration"},"content":{"rendered":"\t\t<div data-elementor-type=\"wp-page\" data-elementor-id=\"1395\" class=\"elementor elementor-1395 elementor-605\">\n\t\t\t\t<div class=\"elementor-element elementor-element-8e7b1dc e-flex e-con-boxed e-con e-parent\" data-id=\"8e7b1dc\" data-element_type=\"container\" data-e-type=\"container\" data-settings=\"{&quot;background_background&quot;:&quot;classic&quot;}\">\n\t\t\t\t\t<div class=\"e-con-inner\">\n\t\t\t\t<div class=\"elementor-element elementor-element-c1a179a elementor-invisible elementor-widget elementor-widget-heading\" data-id=\"c1a179a\" data-element_type=\"widget\" data-e-type=\"widget\" data-settings=\"{&quot;_animation&quot;:&quot;fadeInUp&quot;}\" data-widget_type=\"heading.default\">\n\t\t\t\t\t<h1 class=\"elementor-heading-title elementor-size-default\">Ferrures et mat\u00e9riel de restauration<\/h1>\t\t\t\t<\/div>\n\t\t\t\t<div class=\"elementor-element elementor-element-1a3b2bb elementor-hidden-mobile elementor-widget elementor-widget-eael-breadcrumbs\" data-id=\"1a3b2bb\" data-element_type=\"widget\" data-e-type=\"widget\" data-widget_type=\"eael-breadcrumbs.default\">\n\t\t\t\t<div class=\"elementor-widget-container\">\n\t\t\t\t\t\t\t<div class=\"eael-breadcrumbs\">\n\t\t\t<div class=\"eael-breadcrumbs__content\"><a href=\"https:\/\/mobleantic.com\/fr\/\">Accueil<\/a> <span class=\"eael-breadcrumb-separator\">&gt;<\/span> <span class = \"eael-current\">Page<\/span><\/div>\t\t<\/div>\n\t\t\t\t\t\t<\/div>\n\t\t\t\t<\/div>\n\t\t\t\t\t<\/div>\n\t\t\t\t<\/div>\n\t\t<div class=\"elementor-element elementor-element-49c40b0 e-flex e-con-boxed e-con e-parent\" data-id=\"49c40b0\" data-element_type=\"container\" data-e-type=\"container\">\n\t\t\t\t\t<div class=\"e-con-inner\">\n\t\t<div class=\"elementor-element elementor-element-3606960 e-con-full e-flex e-con e-child\" data-id=\"3606960\" data-element_type=\"container\" data-e-type=\"container\">\n\t\t\t\t<div class=\"elementor-element elementor-element-0f75f1e elementor-widget elementor-widget-heading\" data-id=\"0f75f1e\" data-element_type=\"widget\" data-e-type=\"widget\" data-widget_type=\"heading.default\">\n\t\t\t\t\t<div class=\"elementor-heading-title elementor-size-default\">Moble Antic<\/div>\t\t\t\t<\/div>\n\t\t\t\t<div class=\"elementor-element elementor-element-44a90d7 elementor-widget elementor-widget-heading\" data-id=\"44a90d7\" data-element_type=\"widget\" data-e-type=\"widget\" data-widget_type=\"heading.default\">\n\t\t\t\t\t<h2 class=\"elementor-heading-title elementor-size-default\">Ferrures et mat\u00e9riel de restauration \u00e0 G\u00e9rone<\/h2>\t\t\t\t<\/div>\n\t\t\t\t<\/div>\n\t\t<div class=\"elementor-element elementor-element-b607f99 e-con-full e-flex e-con e-child\" data-id=\"b607f99\" data-element_type=\"container\" data-e-type=\"container\">\n\t\t\t\t<div class=\"elementor-element elementor-element-90e2ec5 elementor-widget elementor-widget-text-editor\" data-id=\"90e2ec5\" data-element_type=\"widget\" data-e-type=\"widget\" data-widget_type=\"text-editor.default\">\n\t\t\t\t\t\t\t\t\t<p>Chez <strong>Moble Antic<\/strong>, nous ne faisons pas que restaurer des meubles: nous mettons \u00e9galement \u00e0 votre disposition les meilleures ferrures et mat\u00e9riaux de restauration, s\u00e9lectionn\u00e9s avec soin pour conserver l\u2019authenticit\u00e9 et le style de chaque \u00e9poque.<\/p><p>Nous travaillons avec des pi\u00e8ces exclusives provenant de fabricants <strong>artisans de Strasbourg<\/strong>, ce qui fait que nous les seules distributeurs de la r\u00e9gion.<\/p><p>Si vous \u00eates restaurateur, \u00e9b\u00e9niste ou amoureux des meubles anciens, vous trouverez ici tout ce qu\u2019il faut pour redonner vie \u00e0 vos projets.<\/p>\t\t\t\t\t\t\t\t<\/div>\n\t\t\t\t<\/div>\n\t\t\t\t\t<\/div>\n\t\t\t\t<\/div>\n\t\t<div class=\"elementor-element elementor-element-3648441 e-flex e-con-boxed e-con e-parent\" data-id=\"3648441\" data-element_type=\"container\" data-e-type=\"container\" data-settings=\"{&quot;background_background&quot;:&quot;classic&quot;}\">\n\t\t\t\t\t<div class=\"e-con-inner\">\n\t\t<div class=\"elementor-element elementor-element-c6351f7 e-con-full e-flex e-con e-child\" data-id=\"c6351f7\" data-element_type=\"container\" data-e-type=\"container\">\n\t\t\t\t<div class=\"elementor-element elementor-element-8cf62c7 elementor-widget elementor-widget-heading\" data-id=\"8cf62c7\" data-element_type=\"widget\" data-e-type=\"widget\" data-widget_type=\"heading.default\">\n\t\t\t\t\t<h2 class=\"elementor-heading-title elementor-size-default\">Vente exclusive de ferrures de la marque <strong>FERRURES ET PATINES<\/strong><\/h2>\t\t\t\t<\/div>\n\t\t\t\t<div class=\"elementor-element elementor-element-7510073 elementor-widget elementor-widget-text-editor\" data-id=\"7510073\" data-element_type=\"widget\" data-e-type=\"widget\" data-widget_type=\"text-editor.default\">\n\t\t\t\t\t\t\t\t\t<p>Dans notre<strong> atelier de Vilafant <\/strong>(Alt Empord\u00e0), nous disposons d\u2019un vaste catalogue de <strong>ferrures anciennes et d&rsquo;accessoires de restauration<\/strong>, tous sign\u00e9s par la prestigieuse marque <a href=\"https:\/\/www.ferrures.com\/\" target=\"_blank\" rel=\"noopener\">FERRURES ET PATINES<\/a>, reconnue pour sa qualit\u00e9, sa fid\u00e9lit\u00e9 historique et ses finitions irr\u00e9prochables.<\/p><p>Nous proposons:<\/p><ul><li>Poign\u00e9es classiques et d\u2019\u00e9poque.<\/li><li>Entr\u00e9es de cl\u00e9, serrures et cl\u00e9s anciennes.<\/li><li>B\u00e9quilles et charni\u00e8res d\u00e9coratives.<\/li><li>Visserie et pi\u00e8ces d\u2019assemblage traditionnelles.<\/li><li>Produits et mat\u00e9riaux de restauration.<\/li><\/ul><p>Chaque article est choisi pour maintenir la coh\u00e9rence esth\u00e9tique et structurelle des meubles d\u2019origine, dans les styles baroque, moderniste, proven\u00e7al, catalan ou contemporain.<\/p>\t\t\t\t\t\t\t\t<\/div>\n\t\t\t\t<\/div>\n\t\t<div class=\"elementor-element elementor-element-e8897c2 e-con-full e-flex e-con e-child\" data-id=\"e8897c2\" data-element_type=\"container\" data-e-type=\"container\">\n\t\t\t\t<div class=\"elementor-element elementor-element-ca31242 elementor-widget elementor-widget-heading\" data-id=\"ca31242\" data-element_type=\"widget\" data-e-type=\"widget\" data-widget_type=\"heading.default\">\n\t\t\t\t\t<h3 class=\"elementor-heading-title elementor-size-default\">Mat\u00e9riaux pour <strong>restaurer <\/strong>avec pr\u00e9cision et authenticit\u00e9<\/h3>\t\t\t\t<\/div>\n\t\t\t\t<div class=\"elementor-element elementor-element-97579de elementor-widget elementor-widget-text-editor\" data-id=\"97579de\" data-element_type=\"widget\" data-e-type=\"widget\" data-widget_type=\"text-editor.default\">\n\t\t\t\t\t\t\t\t\t<p>En plus des ferrures, nous proposons des <strong>mat\u00e9riaux de restauration<\/strong> permettant de travailler selon les m\u00eames standards de qualit\u00e9 que dans notre atelier.<\/p><p>Nous disposons de vernis, cires, colles naturelles, teintures et outils sp\u00e9cifiques qui aident \u00e0 conserver la patine et le caract\u00e8re de chaque meuble. Chaque produit est pens\u00e9 pour des <strong>restaurations artisanales<\/strong>, afin que le r\u00e9sultat soit durable, \u00e9l\u00e9gant et fid\u00e8le au style d\u2019origine. <\/p><p>Notre \u00e9quipe vous conseille sur les mat\u00e9riaux les plus adapt\u00e9s en fonction du bois, de l\u2019anciennet\u00e9 et du type de meuble \u00e0 restaurer.<\/p>\t\t\t\t\t\t\t\t<\/div>\n\t\t\t\t<div class=\"elementor-element elementor-element-a156249 elementor-align-center elementor-widget elementor-widget-button\" data-id=\"a156249\" data-element_type=\"widget\" data-e-type=\"widget\" data-widget_type=\"button.default\">\n\t\t\t\t\t\t\t\t\t\t<a class=\"elementor-button elementor-button-link elementor-size-sm\" href=\"https:\/\/mobleantic.com\/fr\/contact\/\">\n\t\t\t\t\t\t<span class=\"elementor-button-content-wrapper\">\n\t\t\t\t\t\t\t\t\t<span class=\"elementor-button-text\">Demandez une estimation sans engagement<\/span>\n\t\t\t\t\t<\/span>\n\t\t\t\t\t<\/a>\n\t\t\t\t\t\t\t\t<\/div>\n\t\t\t\t<\/div>\n\t\t\t\t\t<\/div>\n\t\t\t\t<\/div>\n\t\t<div class=\"elementor-element elementor-element-2cc72a1 e-flex e-con-boxed e-con e-parent\" data-id=\"2cc72a1\" data-element_type=\"container\" data-e-type=\"container\">\n\t\t\t\t\t<div class=\"e-con-inner\">\n\t\t<div class=\"elementor-element elementor-element-da11a93 e-con-full e-flex e-con e-child\" data-id=\"da11a93\" data-element_type=\"container\" data-e-type=\"container\">\n\t\t\t\t<div class=\"elementor-element elementor-element-6938a9b elementor-widget elementor-widget-heading\" data-id=\"6938a9b\" data-element_type=\"widget\" data-e-type=\"widget\" data-widget_type=\"heading.default\">\n\t\t\t\t\t<h3 class=\"elementor-heading-title elementor-size-default\"><strong>Conseil <\/strong>aux professionnels et aux particuliers<\/h3>\t\t\t\t<\/div>\n\t\t\t\t<div class=\"elementor-element elementor-element-ba65541 elementor-widget elementor-widget-text-editor\" data-id=\"ba65541\" data-element_type=\"widget\" data-e-type=\"widget\" data-widget_type=\"text-editor.default\">\n\t\t\t\t\t\t\t\t\t<p>Que vous soyez un professionnel du secteur ou que vous souhaitiez <strong>restaurer un meuble<\/strong> de famille, chez Moble Antic nous vous aidons \u00e0 choisir les ferrures et mat\u00e9riaux les plus adapt\u00e9s \u00e0 chaque projet.<\/p><p>Notre \u00e9quipe vous conseille sur les mat\u00e9riaux les plus adapt\u00e9s en fonction du bois, de l\u2019anciennet\u00e9 et du type de meuble \u00e0 restaurer.<\/p>\t\t\t\t\t\t\t\t<\/div>\n\t\t\t\t<div class=\"elementor-element elementor-element-b19d352 elementor-widget elementor-widget-text-editor\" data-id=\"b19d352\" data-element_type=\"widget\" data-e-type=\"widget\" data-widget_type=\"text-editor.default\">\n\t\t\t\t\t\t\t\t\t<blockquote><p>\u201cJ\u2019aimerai que tout le monde puisse mieux comprendre et appr\u00e9cier le travail qui se cache derri\u00e8re l\u2019ouvrage du bois.\u201d<br>&#8211; Jordi Fabra<\/p><\/blockquote>\t\t\t\t\t\t\t\t<\/div>\n\t\t\t\t<\/div>\n\t\t<div class=\"elementor-element elementor-element-ded527b e-con-full e-flex e-con e-child\" data-id=\"ded527b\" data-element_type=\"container\" data-e-type=\"container\">\n\t\t\t\t<div class=\"elementor-element elementor-element-a046d38 elementor-widget elementor-widget-image\" data-id=\"a046d38\" data-element_type=\"widget\" data-e-type=\"widget\" data-widget_type=\"image.default\">\n\t\t\t\t\t\t\t\t\t\t\t\t\t\t\t<img fetchpriority=\"high\" decoding=\"async\" width=\"728\" height=\"512\" src=\"https:\/\/mobleantic.com\/wp-content\/uploads\/2025\/11\/ferrures-01.jpg\" class=\"attachment-large size-large wp-image-1394\" alt=\"ferrures\" srcset=\"https:\/\/mobleantic.com\/wp-content\/uploads\/2025\/11\/ferrures-01.jpg 728w, https:\/\/mobleantic.com\/wp-content\/uploads\/2025\/11\/ferrures-01-600x422.jpg 600w\" sizes=\"(max-width: 728px) 100vw, 728px\" \/>\t\t\t\t\t\t\t\t\t\t\t\t\t\t\t<\/div>\n\t\t\t\t<\/div>\n\t\t\t\t\t<\/div>\n\t\t\t\t<\/div>\n\t\t<div class=\"elementor-element elementor-element-2c7d488 e-flex e-con-boxed e-con e-parent\" data-id=\"2c7d488\" data-element_type=\"container\" data-e-type=\"container\" data-settings=\"{&quot;background_background&quot;:&quot;classic&quot;}\">\n\t\t\t\t\t<div class=\"e-con-inner\">\n\t\t<div class=\"elementor-element elementor-element-4d4a356 e-con-full e-flex e-con e-child\" data-id=\"4d4a356\" data-element_type=\"container\" data-e-type=\"container\">\n\t\t\t\t<div class=\"elementor-element elementor-element-fb59e50 elementor-widget elementor-widget-heading\" data-id=\"fb59e50\" data-element_type=\"widget\" data-e-type=\"widget\" data-widget_type=\"heading.default\">\n\t\t\t\t\t<h3 class=\"elementor-heading-title elementor-size-default\">Vous cherchez des ferrures ou des mat\u00e9riaux pour vos projets de restauration?<\/h3>\t\t\t\t<\/div>\n\t\t\t\t<\/div>\n\t\t<div class=\"elementor-element elementor-element-cb67475 e-con-full e-flex e-con e-child\" data-id=\"cb67475\" data-element_type=\"container\" data-e-type=\"container\">\n\t\t\t\t<div class=\"elementor-element elementor-element-1c213c4 elementor-widget elementor-widget-text-editor\" data-id=\"1c213c4\" data-element_type=\"widget\" data-e-type=\"widget\" data-widget_type=\"text-editor.default\">\n\t\t\t\t\t\t\t\t\t<p>D\u00e9couvrez notre s\u00e9lection exclusive FERRURES ET PATINES. \u00c9crivez-nous via WhatsApp au +34 620 349 742 ou venez nous rendre visite \u00e0 Vilafant, Alt Empord\u00e0.<\/p>\t\t\t\t\t\t\t\t<\/div>\n\t\t\t\t<div class=\"elementor-element elementor-element-84257e2 elementor-align-center elementor-widget elementor-widget-button\" data-id=\"84257e2\" data-element_type=\"widget\" data-e-type=\"widget\" data-widget_type=\"button.default\">\n\t\t\t\t\t\t\t\t\t\t<a class=\"elementor-button elementor-button-link elementor-size-sm\" href=\"https:\/\/mobleantic.com\/fr\/contact\/\" target=\"_blank\">\n\t\t\t\t\t\t<span class=\"elementor-button-content-wrapper\">\n\t\t\t\t\t\t\t\t\t<span class=\"elementor-button-text\">Contactez Moble Antic<\/span>\n\t\t\t\t\t<\/span>\n\t\t\t\t\t<\/a>\n\t\t\t\t\t\t\t\t<\/div>\n\t\t\t\t<\/div>\n\t\t\t\t\t<\/div>\n\t\t\t\t<\/div>\n\t\t\t\t<\/div>\n\t\t","protected":false},"excerpt":{"rendered":"<p>Ferrures et mat\u00e9riel de restauration Accueil &gt; Moble Antic Ferrures et mat\u00e9riel de restauration \u00e0 G\u00e9rone Chez Moble Antic, nous [&hellip;]<\/p>\n","protected":false},"author":1,"featured_media":0,"parent":1377,"menu_order":0,"comment_status":"closed","ping_status":"closed","template":"","meta":{"_monsterinsights_skip_tracking":false,"_monsterinsights_sitenote_active":false,"_monsterinsights_sitenote_note":"","_monsterinsights_sitenote_category":0,"site-sidebar-layout":"no-sidebar","site-content-layout":"","ast-site-content-layout":"full-width-container","site-content-style":"default","site-sidebar-style":"default","ast-global-header-display":"","ast-banner-title-visibility":"","ast-main-header-display":"","ast-hfb-above-header-display":"","ast-hfb-below-header-display":"","ast-hfb-mobile-header-display":"","site-post-title":"disabled","ast-breadcrumbs-content":"","ast-featured-img":"disabled","footer-sml-layout":"","ast-disable-related-posts":"","theme-transparent-header-meta":"default","adv-header-id-meta":"","stick-header-meta":"default","header-above-stick-meta":"","header-main-stick-meta":"","header-below-stick-meta":"","astra-migrate-meta-layouts":"default","ast-page-background-enabled":"default","ast-page-background-meta":{"desktop":{"background-color":"var(--ast-global-color-5)","background-image":"","background-repeat":"repeat","background-position":"center center","background-size":"auto","background-attachment":"scroll","background-type":"","background-media":"","overlay-type":"","overlay-color":"","overlay-opacity":"","overlay-gradient":""},"tablet":{"background-color":"","background-image":"","background-repeat":"repeat","background-position":"center center","background-size":"auto","background-attachment":"scroll","background-type":"","background-media":"","overlay-type":"","overlay-color":"","overlay-opacity":"","overlay-gradient":""},"mobile":{"background-color":"","background-image":"","background-repeat":"repeat","background-position":"center center","background-size":"auto","background-attachment":"scroll","background-type":"","background-media":"","overlay-type":"","overlay-color":"","overlay-opacity":"","overlay-gradient":""}},"ast-content-background-meta":{"desktop":{"background-color":"var(--ast-global-color-4)","background-image":"","background-repeat":"repeat","background-position":"center center","background-size":"auto","background-attachment":"scroll","background-type":"","background-media":"","overlay-type":"","overlay-color":"","overlay-opacity":"","overlay-gradient":""},"tablet":{"background-color":"var(--ast-global-color-4)","background-image":"","background-repeat":"repeat","background-position":"center center","background-size":"auto","background-attachment":"scroll","background-type":"","background-media":"","overlay-type":"","overlay-color":"","overlay-opacity":"","overlay-gradient":""},"mobile":{"background-color":"var(--ast-global-color-4)","background-image":"","background-repeat":"repeat","background-position":"center center","background-size":"auto","background-attachment":"scroll","background-type":"","background-media":"","overlay-type":"","overlay-color":"","overlay-opacity":"","overlay-gradient":""}},"footnotes":""},"class_list":["post-1395","page","type-page","status-publish","hentry"],"yoast_head":"<!-- This site is optimized with the Yoast SEO plugin v27.4 - https:\/\/yoast.com\/product\/yoast-seo-wordpress\/ -->\n<title>Ferrures et mat\u00e9riel de restauration \u00e0 G\u00e9rone - Espagne<\/title>\n<meta name=\"description\" content=\"En Moble Antic ponemos a tu alcance los mejores herrajes y materiales para restauraci\u00f3n artesanal, seleccionados cuidadosamente.\" \/>\n<meta name=\"robots\" content=\"index, follow, max-snippet:-1, max-image-preview:large, max-video-preview:-1\" \/>\n<link rel=\"canonical\" href=\"https:\/\/mobleantic.com\/fr\/services\/ferrures-et-materiel-de-restauration\/\" \/>\n<meta property=\"og:locale\" content=\"fr_FR\" \/>\n<meta property=\"og:type\" content=\"article\" \/>\n<meta property=\"og:title\" content=\"Ferrures et mat\u00e9riel de restauration \u00e0 G\u00e9rone - Espagne\" \/>\n<meta property=\"og:description\" content=\"En Moble Antic ponemos a tu alcance los mejores herrajes y materiales para restauraci\u00f3n artesanal, seleccionados cuidadosamente.\" \/>\n<meta property=\"og:url\" content=\"https:\/\/mobleantic.com\/fr\/services\/ferrures-et-materiel-de-restauration\/\" \/>\n<meta property=\"og:site_name\" content=\"Mueble Antic\" \/>\n<meta property=\"article:modified_time\" content=\"2026-04-20T10:22:16+00:00\" \/>\n<meta property=\"og:image\" content=\"https:\/\/mobleantic.com\/wp-content\/uploads\/2025\/11\/ferrures-01.jpg\" \/>\n\t<meta property=\"og:image:width\" content=\"728\" \/>\n\t<meta property=\"og:image:height\" content=\"512\" \/>\n\t<meta property=\"og:image:type\" content=\"image\/jpeg\" \/>\n<meta name=\"twitter:card\" content=\"summary_large_image\" \/>\n<meta name=\"twitter:label1\" content=\"Dur\u00e9e de lecture estim\u00e9e\" \/>\n\t<meta name=\"twitter:data1\" content=\"2 minutes\" \/>\n<script type=\"application\/ld+json\" class=\"yoast-schema-graph\">{\"@context\":\"https:\\\/\\\/schema.org\",\"@graph\":[{\"@type\":\"WebPage\",\"@id\":\"https:\\\/\\\/mobleantic.com\\\/fr\\\/services\\\/ferrures-et-materiel-de-restauration\\\/\",\"url\":\"https:\\\/\\\/mobleantic.com\\\/fr\\\/services\\\/ferrures-et-materiel-de-restauration\\\/\",\"name\":\"Ferrures et mat\u00e9riel de restauration \u00e0 G\u00e9rone - Espagne\",\"isPartOf\":{\"@id\":\"https:\\\/\\\/mobleantic.com\\\/#website\"},\"primaryImageOfPage\":{\"@id\":\"https:\\\/\\\/mobleantic.com\\\/fr\\\/services\\\/ferrures-et-materiel-de-restauration\\\/#primaryimage\"},\"image\":{\"@id\":\"https:\\\/\\\/mobleantic.com\\\/fr\\\/services\\\/ferrures-et-materiel-de-restauration\\\/#primaryimage\"},\"thumbnailUrl\":\"https:\\\/\\\/mobleantic.com\\\/wp-content\\\/uploads\\\/2025\\\/11\\\/ferrures-01.jpg\",\"datePublished\":\"2025-11-04T10:35:40+00:00\",\"dateModified\":\"2026-04-20T10:22:16+00:00\",\"description\":\"En Moble Antic ponemos a tu alcance los mejores herrajes y materiales para restauraci\u00f3n artesanal, seleccionados cuidadosamente.\",\"breadcrumb\":{\"@id\":\"https:\\\/\\\/mobleantic.com\\\/fr\\\/services\\\/ferrures-et-materiel-de-restauration\\\/#breadcrumb\"},\"inLanguage\":\"fr-FR\",\"potentialAction\":[{\"@type\":\"ReadAction\",\"target\":[\"https:\\\/\\\/mobleantic.com\\\/fr\\\/services\\\/ferrures-et-materiel-de-restauration\\\/\"]}]},{\"@type\":\"ImageObject\",\"inLanguage\":\"fr-FR\",\"@id\":\"https:\\\/\\\/mobleantic.com\\\/fr\\\/services\\\/ferrures-et-materiel-de-restauration\\\/#primaryimage\",\"url\":\"https:\\\/\\\/mobleantic.com\\\/wp-content\\\/uploads\\\/2025\\\/11\\\/ferrures-01.jpg\",\"contentUrl\":\"https:\\\/\\\/mobleantic.com\\\/wp-content\\\/uploads\\\/2025\\\/11\\\/ferrures-01.jpg\"},{\"@type\":\"BreadcrumbList\",\"@id\":\"https:\\\/\\\/mobleantic.com\\\/fr\\\/services\\\/ferrures-et-materiel-de-restauration\\\/#breadcrumb\",\"itemListElement\":[{\"@type\":\"ListItem\",\"position\":1,\"name\":\"Portada\",\"item\":\"https:\\\/\\\/mobleantic.com\\\/fr\\\/accueil\\\/\"},{\"@type\":\"ListItem\",\"position\":2,\"name\":\"Services\",\"item\":\"https:\\\/\\\/mobleantic.com\\\/fr\\\/services\\\/\"},{\"@type\":\"ListItem\",\"position\":3,\"name\":\"Ferrures et mat\u00e9riel de restauration\"}]},{\"@type\":\"WebSite\",\"@id\":\"https:\\\/\\\/mobleantic.com\\\/#website\",\"url\":\"https:\\\/\\\/mobleantic.com\\\/\",\"name\":\"Mueble Antic\",\"description\":\"\",\"publisher\":{\"@id\":\"https:\\\/\\\/mobleantic.com\\\/#organization\"},\"potentialAction\":[{\"@type\":\"SearchAction\",\"target\":{\"@type\":\"EntryPoint\",\"urlTemplate\":\"https:\\\/\\\/mobleantic.com\\\/?s={search_term_string}\"},\"query-input\":{\"@type\":\"PropertyValueSpecification\",\"valueRequired\":true,\"valueName\":\"search_term_string\"}}],\"inLanguage\":\"fr-FR\"},{\"@type\":\"Organization\",\"@id\":\"https:\\\/\\\/mobleantic.com\\\/#organization\",\"name\":\"Mueble Antic\",\"url\":\"https:\\\/\\\/mobleantic.com\\\/\",\"logo\":{\"@type\":\"ImageObject\",\"inLanguage\":\"fr-FR\",\"@id\":\"https:\\\/\\\/mobleantic.com\\\/#\\\/schema\\\/logo\\\/image\\\/\",\"url\":\"https:\\\/\\\/mobleantic.com\\\/wp-content\\\/uploads\\\/2025\\\/10\\\/logo.png\",\"contentUrl\":\"https:\\\/\\\/mobleantic.com\\\/wp-content\\\/uploads\\\/2025\\\/10\\\/logo.png\",\"width\":812,\"height\":438,\"caption\":\"Mueble Antic\"},\"image\":{\"@id\":\"https:\\\/\\\/mobleantic.com\\\/#\\\/schema\\\/logo\\\/image\\\/\"}}]}<\/script>\n<!-- \/ Yoast SEO plugin. -->","yoast_head_json":{"title":"Ferrures et mat\u00e9riel de restauration \u00e0 G\u00e9rone - Espagne","description":"En Moble Antic ponemos a tu alcance los mejores herrajes y materiales para restauraci\u00f3n artesanal, seleccionados cuidadosamente.","robots":{"index":"index","follow":"follow","max-snippet":"max-snippet:-1","max-image-preview":"max-image-preview:large","max-video-preview":"max-video-preview:-1"},"canonical":"https:\/\/mobleantic.com\/fr\/services\/ferrures-et-materiel-de-restauration\/","og_locale":"fr_FR","og_type":"article","og_title":"Ferrures et mat\u00e9riel de restauration \u00e0 G\u00e9rone - Espagne","og_description":"En Moble Antic ponemos a tu alcance los mejores herrajes y materiales para restauraci\u00f3n artesanal, seleccionados cuidadosamente.","og_url":"https:\/\/mobleantic.com\/fr\/services\/ferrures-et-materiel-de-restauration\/","og_site_name":"Mueble Antic","article_modified_time":"2026-04-20T10:22:16+00:00","og_image":[{"width":728,"height":512,"url":"https:\/\/mobleantic.com\/wp-content\/uploads\/2025\/11\/ferrures-01.jpg","type":"image\/jpeg"}],"twitter_card":"summary_large_image","twitter_misc":{"Dur\u00e9e de lecture estim\u00e9e":"2 minutes"},"schema":{"@context":"https:\/\/schema.org","@graph":[{"@type":"WebPage","@id":"https:\/\/mobleantic.com\/fr\/services\/ferrures-et-materiel-de-restauration\/","url":"https:\/\/mobleantic.com\/fr\/services\/ferrures-et-materiel-de-restauration\/","name":"Ferrures et mat\u00e9riel de restauration \u00e0 G\u00e9rone - Espagne","isPartOf":{"@id":"https:\/\/mobleantic.com\/#website"},"primaryImageOfPage":{"@id":"https:\/\/mobleantic.com\/fr\/services\/ferrures-et-materiel-de-restauration\/#primaryimage"},"image":{"@id":"https:\/\/mobleantic.com\/fr\/services\/ferrures-et-materiel-de-restauration\/#primaryimage"},"thumbnailUrl":"https:\/\/mobleantic.com\/wp-content\/uploads\/2025\/11\/ferrures-01.jpg","datePublished":"2025-11-04T10:35:40+00:00","dateModified":"2026-04-20T10:22:16+00:00","description":"En Moble Antic ponemos a tu alcance los mejores herrajes y materiales para restauraci\u00f3n artesanal, seleccionados cuidadosamente.","breadcrumb":{"@id":"https:\/\/mobleantic.com\/fr\/services\/ferrures-et-materiel-de-restauration\/#breadcrumb"},"inLanguage":"fr-FR","potentialAction":[{"@type":"ReadAction","target":["https:\/\/mobleantic.com\/fr\/services\/ferrures-et-materiel-de-restauration\/"]}]},{"@type":"ImageObject","inLanguage":"fr-FR","@id":"https:\/\/mobleantic.com\/fr\/services\/ferrures-et-materiel-de-restauration\/#primaryimage","url":"https:\/\/mobleantic.com\/wp-content\/uploads\/2025\/11\/ferrures-01.jpg","contentUrl":"https:\/\/mobleantic.com\/wp-content\/uploads\/2025\/11\/ferrures-01.jpg"},{"@type":"BreadcrumbList","@id":"https:\/\/mobleantic.com\/fr\/services\/ferrures-et-materiel-de-restauration\/#breadcrumb","itemListElement":[{"@type":"ListItem","position":1,"name":"Portada","item":"https:\/\/mobleantic.com\/fr\/accueil\/"},{"@type":"ListItem","position":2,"name":"Services","item":"https:\/\/mobleantic.com\/fr\/services\/"},{"@type":"ListItem","position":3,"name":"Ferrures et mat\u00e9riel de restauration"}]},{"@type":"WebSite","@id":"https:\/\/mobleantic.com\/#website","url":"https:\/\/mobleantic.com\/","name":"Mueble Antic","description":"","publisher":{"@id":"https:\/\/mobleantic.com\/#organization"},"potentialAction":[{"@type":"SearchAction","target":{"@type":"EntryPoint","urlTemplate":"https:\/\/mobleantic.com\/?s={search_term_string}"},"query-input":{"@type":"PropertyValueSpecification","valueRequired":true,"valueName":"search_term_string"}}],"inLanguage":"fr-FR"},{"@type":"Organization","@id":"https:\/\/mobleantic.com\/#organization","name":"Mueble Antic","url":"https:\/\/mobleantic.com\/","logo":{"@type":"ImageObject","inLanguage":"fr-FR","@id":"https:\/\/mobleantic.com\/#\/schema\/logo\/image\/","url":"https:\/\/mobleantic.com\/wp-content\/uploads\/2025\/10\/logo.png","contentUrl":"https:\/\/mobleantic.com\/wp-content\/uploads\/2025\/10\/logo.png","width":812,"height":438,"caption":"Mueble Antic"},"image":{"@id":"https:\/\/mobleantic.com\/#\/schema\/logo\/image\/"}}]}},"_links":{"self":[{"href":"https:\/\/mobleantic.com\/fr\/wp-json\/wp\/v2\/pages\/1395","targetHints":{"allow":["GET"]}}],"collection":[{"href":"https:\/\/mobleantic.com\/fr\/wp-json\/wp\/v2\/pages"}],"about":[{"href":"https:\/\/mobleantic.com\/fr\/wp-json\/wp\/v2\/types\/page"}],"author":[{"embeddable":true,"href":"https:\/\/mobleantic.com\/fr\/wp-json\/wp\/v2\/users\/1"}],"replies":[{"embeddable":true,"href":"https:\/\/mobleantic.com\/fr\/wp-json\/wp\/v2\/comments?post=1395"}],"version-history":[{"count":1,"href":"https:\/\/mobleantic.com\/fr\/wp-json\/wp\/v2\/pages\/1395\/revisions"}],"predecessor-version":[{"id":1396,"href":"https:\/\/mobleantic.com\/fr\/wp-json\/wp\/v2\/pages\/1395\/revisions\/1396"}],"up":[{"embeddable":true,"href":"https:\/\/mobleantic.com\/fr\/wp-json\/wp\/v2\/pages\/1377"}],"wp:attachment":[{"href":"https:\/\/mobleantic.com\/fr\/wp-json\/wp\/v2\/media?parent=1395"}],"curies":[{"name":"wp","href":"https:\/\/api.w.org\/{rel}","templated":true}]}}