{"id":1085,"date":"2025-11-04T14:00:55","date_gmt":"2025-11-04T13:00:55","guid":{"rendered":"https:\/\/mobleantic.com\/serveis\/tornejats-artesanals-amb-fusta\/"},"modified":"2026-02-27T15:58:04","modified_gmt":"2026-02-27T14:58:04","slug":"tornejats-artesanals-amb-fusta","status":"publish","type":"page","link":"https:\/\/mobleantic.com\/ca\/serveis\/tornejats-artesanals-amb-fusta\/","title":{"rendered":"Tornejats artesanals amb fusta"},"content":{"rendered":"\t\t<div data-elementor-type=\"wp-page\" data-elementor-id=\"1085\" class=\"elementor elementor-1085 elementor-761\">\n\t\t\t\t<div class=\"elementor-element elementor-element-8e7b1dc e-flex e-con-boxed e-con e-parent\" data-id=\"8e7b1dc\" data-element_type=\"container\" data-e-type=\"container\" data-settings=\"{&quot;background_background&quot;:&quot;classic&quot;}\">\n\t\t\t\t\t<div class=\"e-con-inner\">\n\t\t\t\t<div class=\"elementor-element elementor-element-c1a179a elementor-invisible elementor-widget elementor-widget-heading\" data-id=\"c1a179a\" data-element_type=\"widget\" data-e-type=\"widget\" data-settings=\"{&quot;_animation&quot;:&quot;fadeInUp&quot;}\" data-widget_type=\"heading.default\">\n\t\t\t\t\t<h1 class=\"elementor-heading-title elementor-size-default\">Tornejats artesanals<\/h1>\t\t\t\t<\/div>\n\t\t\t\t<div class=\"elementor-element elementor-element-1a3b2bb elementor-hidden-mobile elementor-widget elementor-widget-eael-breadcrumbs\" data-id=\"1a3b2bb\" data-element_type=\"widget\" data-e-type=\"widget\" data-widget_type=\"eael-breadcrumbs.default\">\n\t\t\t\t<div class=\"elementor-widget-container\">\n\t\t\t\t\t\t\t<div class=\"eael-breadcrumbs\">\n\t\t\t<div class=\"eael-breadcrumbs__content\"><a href=\"https:\/\/mobleantic.com\/ca\/\">Inicio<\/a> <span class=\"eael-breadcrumb-separator\">&gt;<\/span> <span class = \"eael-current\">P\u00e0gina<\/span><\/div>\t\t<\/div>\n\t\t\t\t\t\t<\/div>\n\t\t\t\t<\/div>\n\t\t\t\t\t<\/div>\n\t\t\t\t<\/div>\n\t\t<div class=\"elementor-element elementor-element-49c40b0 e-flex e-con-boxed e-con e-parent\" data-id=\"49c40b0\" data-element_type=\"container\" data-e-type=\"container\">\n\t\t\t\t\t<div class=\"e-con-inner\">\n\t\t<div class=\"elementor-element elementor-element-3606960 e-con-full e-flex e-con e-child\" data-id=\"3606960\" data-element_type=\"container\" data-e-type=\"container\">\n\t\t\t\t<div class=\"elementor-element elementor-element-0f75f1e elementor-widget elementor-widget-heading\" data-id=\"0f75f1e\" data-element_type=\"widget\" data-e-type=\"widget\" data-widget_type=\"heading.default\">\n\t\t\t\t\t<div class=\"elementor-heading-title elementor-size-default\">Moble Antic<\/div>\t\t\t\t<\/div>\n\t\t\t\t<div class=\"elementor-element elementor-element-44a90d7 elementor-widget elementor-widget-heading\" data-id=\"44a90d7\" data-element_type=\"widget\" data-e-type=\"widget\" data-widget_type=\"heading.default\">\n\t\t\t\t\t<h2 class=\"elementor-heading-title elementor-size-default\">Tornejats artesanals amb fusta massissa.<\/h2>\t\t\t\t<\/div>\n\t\t\t\t<\/div>\n\t\t<div class=\"elementor-element elementor-element-b607f99 e-con-full e-flex e-con e-child\" data-id=\"b607f99\" data-element_type=\"container\" data-e-type=\"container\">\n\t\t\t\t<div class=\"elementor-element elementor-element-90e2ec5 elementor-widget elementor-widget-text-editor\" data-id=\"90e2ec5\" data-element_type=\"widget\" data-e-type=\"widget\" data-widget_type=\"text-editor.default\">\n\t\t\t\t\t\t\t\t\t<p>El <strong>tornejat de fusta<\/strong> \u00e9s una de les disciplines m\u00e9s boniques i precises de l&#8217;ofici. A Moble Antic realitzem <strong>tornejats artesanals amb fusta massissa<\/strong>, donant forma a potes de taula, columnes, balustres, poms i elements decoratius \u00fanics. Cada pe\u00e7a \u00e9s el resultat de la combinaci\u00f3 perfecta entre t\u00e8cnica, experi\u00e8ncia i sensibilitat art\u00edstica.<\/p>\t\t\t\t\t\t\t\t<\/div>\n\t\t\t\t<\/div>\n\t\t\t\t\t<\/div>\n\t\t\t\t<\/div>\n\t\t<div class=\"elementor-element elementor-element-3648441 e-flex e-con-boxed e-con e-parent\" data-id=\"3648441\" data-element_type=\"container\" data-e-type=\"container\" data-settings=\"{&quot;background_background&quot;:&quot;classic&quot;}\">\n\t\t\t\t\t<div class=\"e-con-inner\">\n\t\t<div class=\"elementor-element elementor-element-c6351f7 e-con-full e-flex e-con e-child\" data-id=\"c6351f7\" data-element_type=\"container\" data-e-type=\"container\">\n\t\t\t\t<div class=\"elementor-element elementor-element-8cf62c7 elementor-widget elementor-widget-heading\" data-id=\"8cf62c7\" data-element_type=\"widget\" data-e-type=\"widget\" data-widget_type=\"heading.default\">\n\t\t\t\t\t<h2 class=\"elementor-heading-title elementor-size-default\">L'art del <strong>tornejat <\/strong>artesanal<\/h2>\t\t\t\t<\/div>\n\t\t\t\t<div class=\"elementor-element elementor-element-7510073 elementor-widget elementor-widget-text-editor\" data-id=\"7510073\" data-element_type=\"widget\" data-e-type=\"widget\" data-widget_type=\"text-editor.default\">\n\t\t\t\t\t\t\t\t\t<p>El <strong>tornejat <\/strong>\u00e9s una t\u00e8cnica ancestral que consisteix a <strong>modelar la fusta mitjan\u00e7ant un torn<\/strong>, aconseguint formes sim\u00e8triques, suaus i precises.<\/p><p>Al nostre taller, <strong>Jordi Fabra<\/strong>, treballa cada pe\u00e7a de manera individual, seleccionant amb cura la fusta massissa m\u00e9s adequada segons l&#8217;estil i la funci\u00f3 del moble.<\/p><p>El resultat s\u00f3n peces elegants i resistents, capaces d&#8217;integrar-se tant a mobles antics restaurats com a creacions contempor\u00e0nies fetes a mida.<\/p>\t\t\t\t\t\t\t\t<\/div>\n\t\t\t\t<div class=\"elementor-element elementor-element-68344d1 elementor-widget elementor-widget-image\" data-id=\"68344d1\" data-element_type=\"widget\" data-e-type=\"widget\" data-widget_type=\"image.default\">\n\t\t\t\t\t\t\t\t\t\t\t\t\t\t\t<img fetchpriority=\"high\" decoding=\"async\" width=\"900\" height=\"633\" src=\"https:\/\/mobleantic.com\/wp-content\/uploads\/2025\/11\/art-fusta-02.jpg\" class=\"attachment-large size-large wp-image-1083\" alt=\"Tornejats amb fusta massissa\" srcset=\"https:\/\/mobleantic.com\/wp-content\/uploads\/2025\/11\/art-fusta-02.jpg 900w, https:\/\/mobleantic.com\/wp-content\/uploads\/2025\/11\/art-fusta-02-600x422.jpg 600w, https:\/\/mobleantic.com\/wp-content\/uploads\/2025\/11\/art-fusta-02-768x540.jpg 768w\" sizes=\"(max-width: 900px) 100vw, 900px\" \/>\t\t\t\t\t\t\t\t\t\t\t\t\t\t\t<\/div>\n\t\t\t\t<\/div>\n\t\t<div class=\"elementor-element elementor-element-e8897c2 e-con-full e-flex e-con e-child\" data-id=\"e8897c2\" data-element_type=\"container\" data-e-type=\"container\">\n\t\t\t\t<div class=\"elementor-element elementor-element-ca31242 elementor-widget elementor-widget-heading\" data-id=\"ca31242\" data-element_type=\"widget\" data-e-type=\"widget\" data-widget_type=\"heading.default\">\n\t\t\t\t\t<h3 class=\"elementor-heading-title elementor-size-default\"><strong>Tornejats <\/strong>personalitzats i peces a mida<\/h3>\t\t\t\t<\/div>\n\t\t\t\t<div class=\"elementor-element elementor-element-97579de elementor-widget elementor-widget-text-editor\" data-id=\"97579de\" data-element_type=\"widget\" data-e-type=\"widget\" data-widget_type=\"text-editor.default\">\n\t\t\t\t\t\t\t\t\t<p>Realitzem tornejats personalitzats segons el disseny o la r\u00e8plica que necessitis. Podem crear: <\/p><ul><li><strong>Potes i columnes<\/strong> per a taules, cadires o armaris.<\/li><li><strong>Balustres i baranes<\/strong> decoratives.<\/li><li>Poms, remats i detalls ornamentals.<\/li><li>Elements per a <strong>projectes de restauraci\u00f3<\/strong> o <strong>decoraci\u00f3 interior<\/strong>.<\/li><\/ul><p>Tamb\u00e9 restaurem i reprodu\u00efm peces tornejades antigues per tornar l&#8217;harmonia a mobles o estructures incompletes, mantenint l&#8217;estil i l&#8217;\u00e8poca originals.<\/p>\t\t\t\t\t\t\t\t<\/div>\n\t\t\t\t<div class=\"elementor-element elementor-element-a156249 elementor-align-center elementor-widget elementor-widget-button\" data-id=\"a156249\" data-element_type=\"widget\" data-e-type=\"widget\" data-widget_type=\"button.default\">\n\t\t\t\t\t\t\t\t\t\t<a class=\"elementor-button elementor-button-link elementor-size-sm\" href=\"https:\/\/mobleantic.com\/ca\/contacte\/\">\n\t\t\t\t\t\t<span class=\"elementor-button-content-wrapper\">\n\t\t\t\t\t\t\t\t\t<span class=\"elementor-button-text\">Demana una valoraci\u00f3 sense comprom\u00eds<\/span>\n\t\t\t\t\t<\/span>\n\t\t\t\t\t<\/a>\n\t\t\t\t\t\t\t\t<\/div>\n\t\t\t\t<\/div>\n\t\t\t\t\t<\/div>\n\t\t\t\t<\/div>\n\t\t<div class=\"elementor-element elementor-element-2cc72a1 e-flex e-con-boxed e-con e-parent\" data-id=\"2cc72a1\" data-element_type=\"container\" data-e-type=\"container\">\n\t\t\t\t\t<div class=\"e-con-inner\">\n\t\t<div class=\"elementor-element elementor-element-da11a93 e-con-full e-flex e-con e-child\" data-id=\"da11a93\" data-element_type=\"container\" data-e-type=\"container\">\n\t\t\t\t<div class=\"elementor-element elementor-element-6938a9b elementor-widget elementor-widget-heading\" data-id=\"6938a9b\" data-element_type=\"widget\" data-e-type=\"widget\" data-widget_type=\"heading.default\">\n\t\t\t\t\t<h3 class=\"elementor-heading-title elementor-size-default\">Tornejat <strong>artesanal <\/strong>al servei de la restauraci\u00f3<\/h3>\t\t\t\t<\/div>\n\t\t\t\t<div class=\"elementor-element elementor-element-ba65541 elementor-widget elementor-widget-text-editor\" data-id=\"ba65541\" data-element_type=\"widget\" data-e-type=\"widget\" data-widget_type=\"text-editor.default\">\n\t\t\t\t\t\t\t\t\t<p>Molts dels nostres tornejats formen part de projectes de restauraci\u00f3 de mobles antics, on reprodu\u00efm peces que s&#8217;havien perdut o fet malb\u00e9.<\/p><p>Treballem amb fustes nobles com la noguera, cirerer, faig o pi, sempre seleccionades per la seva qualitat, veta i resist\u00e8ncia.<\/p><p>Gr\u00e0cies a la nostra experi\u00e8ncia, aconseguim r\u00e8pliques exactes amb el mateix tipus de fusta, proporci\u00f3 i acabat, garantint una restauraci\u00f3 fidel a l&#8217;original.<\/p>\t\t\t\t\t\t\t\t<\/div>\n\t\t\t\t<div class=\"elementor-element elementor-element-07433e6 elementor-widget elementor-widget-text-editor\" data-id=\"07433e6\" data-element_type=\"widget\" data-e-type=\"widget\" data-widget_type=\"text-editor.default\">\n\t\t\t\t\t\t\t\t\t<blockquote>&#8220;El tornejat \u00e9s un dels treballs on m\u00e9s se sent la connexi\u00f3 amb la fusta. Cada gir del torn d\u00f3na vida a una forma nova.&#8221; -Jordi Fabra<\/blockquote>\t\t\t\t\t\t\t\t<\/div>\n\t\t\t\t<\/div>\n\t\t<div class=\"elementor-element elementor-element-ded527b e-con-full e-flex e-con e-child\" data-id=\"ded527b\" data-element_type=\"container\" data-e-type=\"container\">\n\t\t\t\t<div class=\"elementor-element elementor-element-a046d38 elementor-widget elementor-widget-image\" data-id=\"a046d38\" data-element_type=\"widget\" data-e-type=\"widget\" data-widget_type=\"image.default\">\n\t\t\t\t\t\t\t\t\t\t\t\t\t\t\t<img decoding=\"async\" width=\"707\" height=\"900\" src=\"https:\/\/mobleantic.com\/wp-content\/uploads\/2025\/11\/art-fusta-03.jpg\" class=\"attachment-large size-large wp-image-1084\" alt=\"Tornejats amb fusta massissa\" srcset=\"https:\/\/mobleantic.com\/wp-content\/uploads\/2025\/11\/art-fusta-03.jpg 707w, https:\/\/mobleantic.com\/wp-content\/uploads\/2025\/11\/art-fusta-03-600x764.jpg 600w\" sizes=\"(max-width: 707px) 100vw, 707px\" \/>\t\t\t\t\t\t\t\t\t\t\t\t\t\t\t<\/div>\n\t\t\t\t<\/div>\n\t\t\t\t\t<\/div>\n\t\t\t\t<\/div>\n\t\t<div class=\"elementor-element elementor-element-2c7d488 e-flex e-con-boxed e-con e-parent\" data-id=\"2c7d488\" data-element_type=\"container\" data-e-type=\"container\" data-settings=\"{&quot;background_background&quot;:&quot;classic&quot;}\">\n\t\t\t\t\t<div class=\"e-con-inner\">\n\t\t<div class=\"elementor-element elementor-element-4d4a356 e-con-full e-flex e-con e-child\" data-id=\"4d4a356\" data-element_type=\"container\" data-e-type=\"container\">\n\t\t\t\t<div class=\"elementor-element elementor-element-fb59e50 elementor-widget elementor-widget-heading\" data-id=\"fb59e50\" data-element_type=\"widget\" data-e-type=\"widget\" data-widget_type=\"heading.default\">\n\t\t\t\t\t<h3 class=\"elementor-heading-title elementor-size-default\">Necessites una pe\u00e7a tornejada o un treball artesanal de fusta?<\/h3>\t\t\t\t<\/div>\n\t\t\t\t<\/div>\n\t\t<div class=\"elementor-element elementor-element-cb67475 e-con-full e-flex e-con e-child\" data-id=\"cb67475\" data-element_type=\"container\" data-e-type=\"container\">\n\t\t\t\t<div class=\"elementor-element elementor-element-1c213c4 elementor-widget elementor-widget-text-editor\" data-id=\"1c213c4\" data-element_type=\"widget\" data-e-type=\"widget\" data-widget_type=\"text-editor.default\">\n\t\t\t\t\t\t\t\t\tA MobleAntic creem i restaurem elements tornejats amb precisi\u00f3 i \u00e0nima artesanal. Escriu-nos per whatsApp al 620349742 o vine a visitar-nos a Vilafant, Alt Empord\u00e0.\t\t\t\t\t\t\t\t<\/div>\n\t\t\t\t<div class=\"elementor-element elementor-element-84257e2 elementor-align-center elementor-widget elementor-widget-button\" data-id=\"84257e2\" data-element_type=\"widget\" data-e-type=\"widget\" data-widget_type=\"button.default\">\n\t\t\t\t\t\t\t\t\t\t<a class=\"elementor-button elementor-button-link elementor-size-sm\" href=\"https:\/\/mobleantic.com\/ca\/contacte\/\" target=\"_blank\">\n\t\t\t\t\t\t<span class=\"elementor-button-content-wrapper\">\n\t\t\t\t\t\t\t\t\t<span class=\"elementor-button-text\">Contacta amb Moble Antic<\/span>\n\t\t\t\t\t<\/span>\n\t\t\t\t\t<\/a>\n\t\t\t\t\t\t\t\t<\/div>\n\t\t\t\t<\/div>\n\t\t\t\t\t<\/div>\n\t\t\t\t<\/div>\n\t\t\t\t<\/div>\n\t\t","protected":false},"excerpt":{"rendered":"<p>Tornejats artesanals Inicio &gt; P\u00e1gina Moble Antic Tornejats artesanals amb fusta massissa. El tornejat de fusta \u00e9s una de les [&hellip;]<\/p>\n","protected":false},"author":1,"featured_media":0,"parent":1058,"menu_order":0,"comment_status":"closed","ping_status":"closed","template":"","meta":{"_monsterinsights_skip_tracking":false,"_monsterinsights_sitenote_active":false,"_monsterinsights_sitenote_note":"","_monsterinsights_sitenote_category":0,"site-sidebar-layout":"no-sidebar","site-content-layout":"","ast-site-content-layout":"full-width-container","site-content-style":"default","site-sidebar-style":"default","ast-global-header-display":"","ast-banner-title-visibility":"","ast-main-header-display":"","ast-hfb-above-header-display":"","ast-hfb-below-header-display":"","ast-hfb-mobile-header-display":"","site-post-title":"disabled","ast-breadcrumbs-content":"","ast-featured-img":"disabled","footer-sml-layout":"","ast-disable-related-posts":"","theme-transparent-header-meta":"default","adv-header-id-meta":"","stick-header-meta":"default","header-above-stick-meta":"","header-main-stick-meta":"","header-below-stick-meta":"","astra-migrate-meta-layouts":"set","ast-page-background-enabled":"default","ast-page-background-meta":{"desktop":{"background-color":"var(--ast-global-color-5)","background-image":"","background-repeat":"repeat","background-position":"center center","background-size":"auto","background-attachment":"scroll","background-type":"","background-media":"","overlay-type":"","overlay-color":"","overlay-opacity":"","overlay-gradient":""},"tablet":{"background-color":"","background-image":"","background-repeat":"repeat","background-position":"center center","background-size":"auto","background-attachment":"scroll","background-type":"","background-media":"","overlay-type":"","overlay-color":"","overlay-opacity":"","overlay-gradient":""},"mobile":{"background-color":"","background-image":"","background-repeat":"repeat","background-position":"center center","background-size":"auto","background-attachment":"scroll","background-type":"","background-media":"","overlay-type":"","overlay-color":"","overlay-opacity":"","overlay-gradient":""}},"ast-content-background-meta":{"desktop":{"background-color":"var(--ast-global-color-4)","background-image":"","background-repeat":"repeat","background-position":"center center","background-size":"auto","background-attachment":"scroll","background-type":"","background-media":"","overlay-type":"","overlay-color":"","overlay-opacity":"","overlay-gradient":""},"tablet":{"background-color":"var(--ast-global-color-4)","background-image":"","background-repeat":"repeat","background-position":"center center","background-size":"auto","background-attachment":"scroll","background-type":"","background-media":"","overlay-type":"","overlay-color":"","overlay-opacity":"","overlay-gradient":""},"mobile":{"background-color":"var(--ast-global-color-4)","background-image":"","background-repeat":"repeat","background-position":"center center","background-size":"auto","background-attachment":"scroll","background-type":"","background-media":"","overlay-type":"","overlay-color":"","overlay-opacity":"","overlay-gradient":""}},"footnotes":""},"class_list":["post-1085","page","type-page","status-publish","hentry"],"yoast_head":"<!-- This site is optimized with the Yoast SEO plugin v27.4 - https:\/\/yoast.com\/product\/yoast-seo-wordpress\/ -->\n<title>Tornejats artesanals amb massissa - Girona, Catalunya<\/title>\n<meta name=\"description\" content=\"Realitzem tornejats artesanals amb fusta massissa, donant forma a potes de taula, columnes i elements decoratius \u00fanics.\" \/>\n<meta name=\"robots\" content=\"index, follow, max-snippet:-1, max-image-preview:large, max-video-preview:-1\" \/>\n<link rel=\"canonical\" href=\"https:\/\/mobleantic.com\/servicios\/torneados-artesanales-con-madera\/\" \/>\n<meta property=\"og:locale\" content=\"ca_ES\" \/>\n<meta property=\"og:type\" content=\"article\" \/>\n<meta property=\"og:title\" content=\"Tornejats artesanals amb massissa - Girona, Catalunya\" \/>\n<meta property=\"og:description\" content=\"Realitzem tornejats artesanals amb fusta massissa, donant forma a potes de taula, columnes i elements decoratius \u00fanics.\" \/>\n<meta property=\"og:url\" content=\"https:\/\/mobleantic.com\/servicios\/torneados-artesanales-con-madera\/\" \/>\n<meta property=\"og:site_name\" content=\"Mueble Antic\" \/>\n<meta property=\"article:modified_time\" content=\"2026-02-27T14:58:04+00:00\" \/>\n<meta property=\"og:image\" content=\"https:\/\/mobleantic.com\/wp-content\/uploads\/2025\/11\/art-fusta-02.jpg\" \/>\n\t<meta property=\"og:image:width\" content=\"900\" \/>\n\t<meta property=\"og:image:height\" content=\"633\" \/>\n\t<meta property=\"og:image:type\" content=\"image\/jpeg\" \/>\n<meta name=\"twitter:card\" content=\"summary_large_image\" \/>\n<meta name=\"twitter:label1\" content=\"Temps estimat de lectura\" \/>\n\t<meta name=\"twitter:data1\" content=\"1 minut\" \/>\n<script type=\"application\/ld+json\" class=\"yoast-schema-graph\">{\"@context\":\"https:\\\/\\\/schema.org\",\"@graph\":[{\"@type\":\"WebPage\",\"@id\":\"https:\\\/\\\/mobleantic.com\\\/servicios\\\/torneados-artesanales-con-madera\\\/\",\"url\":\"https:\\\/\\\/mobleantic.com\\\/servicios\\\/torneados-artesanales-con-madera\\\/\",\"name\":\"Tornejats artesanals amb massissa - Girona, Catalunya\",\"isPartOf\":{\"@id\":\"https:\\\/\\\/mobleantic.com\\\/#website\"},\"primaryImageOfPage\":{\"@id\":\"https:\\\/\\\/mobleantic.com\\\/servicios\\\/torneados-artesanales-con-madera\\\/#primaryimage\"},\"image\":{\"@id\":\"https:\\\/\\\/mobleantic.com\\\/servicios\\\/torneados-artesanales-con-madera\\\/#primaryimage\"},\"thumbnailUrl\":\"https:\\\/\\\/mobleantic.com\\\/wp-content\\\/uploads\\\/2025\\\/11\\\/art-fusta-02.jpg\",\"datePublished\":\"2025-11-04T13:00:55+00:00\",\"dateModified\":\"2026-02-27T14:58:04+00:00\",\"description\":\"Realitzem tornejats artesanals amb fusta massissa, donant forma a potes de taula, columnes i elements decoratius \u00fanics.\",\"breadcrumb\":{\"@id\":\"https:\\\/\\\/mobleantic.com\\\/servicios\\\/torneados-artesanales-con-madera\\\/#breadcrumb\"},\"inLanguage\":\"ca\",\"potentialAction\":[{\"@type\":\"ReadAction\",\"target\":[\"https:\\\/\\\/mobleantic.com\\\/servicios\\\/torneados-artesanales-con-madera\\\/\"]}]},{\"@type\":\"ImageObject\",\"inLanguage\":\"ca\",\"@id\":\"https:\\\/\\\/mobleantic.com\\\/servicios\\\/torneados-artesanales-con-madera\\\/#primaryimage\",\"url\":\"https:\\\/\\\/mobleantic.com\\\/wp-content\\\/uploads\\\/2025\\\/11\\\/art-fusta-02.jpg\",\"contentUrl\":\"https:\\\/\\\/mobleantic.com\\\/wp-content\\\/uploads\\\/2025\\\/11\\\/art-fusta-02.jpg\"},{\"@type\":\"BreadcrumbList\",\"@id\":\"https:\\\/\\\/mobleantic.com\\\/servicios\\\/torneados-artesanales-con-madera\\\/#breadcrumb\",\"itemListElement\":[{\"@type\":\"ListItem\",\"position\":1,\"name\":\"Portada\",\"item\":\"https:\\\/\\\/mobleantic.com\\\/\"},{\"@type\":\"ListItem\",\"position\":2,\"name\":\"Serveis\",\"item\":\"https:\\\/\\\/mobleantic.com\\\/servicios\\\/\"},{\"@type\":\"ListItem\",\"position\":3,\"name\":\"Tornejats artesanals amb fusta\"}]},{\"@type\":\"WebSite\",\"@id\":\"https:\\\/\\\/mobleantic.com\\\/#website\",\"url\":\"https:\\\/\\\/mobleantic.com\\\/\",\"name\":\"Mueble Antic\",\"description\":\"\",\"publisher\":{\"@id\":\"https:\\\/\\\/mobleantic.com\\\/#organization\"},\"potentialAction\":[{\"@type\":\"SearchAction\",\"target\":{\"@type\":\"EntryPoint\",\"urlTemplate\":\"https:\\\/\\\/mobleantic.com\\\/?s={search_term_string}\"},\"query-input\":{\"@type\":\"PropertyValueSpecification\",\"valueRequired\":true,\"valueName\":\"search_term_string\"}}],\"inLanguage\":\"ca\"},{\"@type\":\"Organization\",\"@id\":\"https:\\\/\\\/mobleantic.com\\\/#organization\",\"name\":\"Mueble Antic\",\"url\":\"https:\\\/\\\/mobleantic.com\\\/\",\"logo\":{\"@type\":\"ImageObject\",\"inLanguage\":\"ca\",\"@id\":\"https:\\\/\\\/mobleantic.com\\\/#\\\/schema\\\/logo\\\/image\\\/\",\"url\":\"https:\\\/\\\/mobleantic.com\\\/wp-content\\\/uploads\\\/2025\\\/10\\\/logo.png\",\"contentUrl\":\"https:\\\/\\\/mobleantic.com\\\/wp-content\\\/uploads\\\/2025\\\/10\\\/logo.png\",\"width\":812,\"height\":438,\"caption\":\"Mueble Antic\"},\"image\":{\"@id\":\"https:\\\/\\\/mobleantic.com\\\/#\\\/schema\\\/logo\\\/image\\\/\"}}]}<\/script>\n<!-- \/ Yoast SEO plugin. -->","yoast_head_json":{"title":"Tornejats artesanals amb massissa - Girona, Catalunya","description":"Realitzem tornejats artesanals amb fusta massissa, donant forma a potes de taula, columnes i elements decoratius \u00fanics.","robots":{"index":"index","follow":"follow","max-snippet":"max-snippet:-1","max-image-preview":"max-image-preview:large","max-video-preview":"max-video-preview:-1"},"canonical":"https:\/\/mobleantic.com\/servicios\/torneados-artesanales-con-madera\/","og_locale":"ca_ES","og_type":"article","og_title":"Tornejats artesanals amb massissa - Girona, Catalunya","og_description":"Realitzem tornejats artesanals amb fusta massissa, donant forma a potes de taula, columnes i elements decoratius \u00fanics.","og_url":"https:\/\/mobleantic.com\/servicios\/torneados-artesanales-con-madera\/","og_site_name":"Mueble Antic","article_modified_time":"2026-02-27T14:58:04+00:00","og_image":[{"width":900,"height":633,"url":"https:\/\/mobleantic.com\/wp-content\/uploads\/2025\/11\/art-fusta-02.jpg","type":"image\/jpeg"}],"twitter_card":"summary_large_image","twitter_misc":{"Temps estimat de lectura":"1 minut"},"schema":{"@context":"https:\/\/schema.org","@graph":[{"@type":"WebPage","@id":"https:\/\/mobleantic.com\/servicios\/torneados-artesanales-con-madera\/","url":"https:\/\/mobleantic.com\/servicios\/torneados-artesanales-con-madera\/","name":"Tornejats artesanals amb massissa - Girona, Catalunya","isPartOf":{"@id":"https:\/\/mobleantic.com\/#website"},"primaryImageOfPage":{"@id":"https:\/\/mobleantic.com\/servicios\/torneados-artesanales-con-madera\/#primaryimage"},"image":{"@id":"https:\/\/mobleantic.com\/servicios\/torneados-artesanales-con-madera\/#primaryimage"},"thumbnailUrl":"https:\/\/mobleantic.com\/wp-content\/uploads\/2025\/11\/art-fusta-02.jpg","datePublished":"2025-11-04T13:00:55+00:00","dateModified":"2026-02-27T14:58:04+00:00","description":"Realitzem tornejats artesanals amb fusta massissa, donant forma a potes de taula, columnes i elements decoratius \u00fanics.","breadcrumb":{"@id":"https:\/\/mobleantic.com\/servicios\/torneados-artesanales-con-madera\/#breadcrumb"},"inLanguage":"ca","potentialAction":[{"@type":"ReadAction","target":["https:\/\/mobleantic.com\/servicios\/torneados-artesanales-con-madera\/"]}]},{"@type":"ImageObject","inLanguage":"ca","@id":"https:\/\/mobleantic.com\/servicios\/torneados-artesanales-con-madera\/#primaryimage","url":"https:\/\/mobleantic.com\/wp-content\/uploads\/2025\/11\/art-fusta-02.jpg","contentUrl":"https:\/\/mobleantic.com\/wp-content\/uploads\/2025\/11\/art-fusta-02.jpg"},{"@type":"BreadcrumbList","@id":"https:\/\/mobleantic.com\/servicios\/torneados-artesanales-con-madera\/#breadcrumb","itemListElement":[{"@type":"ListItem","position":1,"name":"Portada","item":"https:\/\/mobleantic.com\/"},{"@type":"ListItem","position":2,"name":"Serveis","item":"https:\/\/mobleantic.com\/servicios\/"},{"@type":"ListItem","position":3,"name":"Tornejats artesanals amb fusta"}]},{"@type":"WebSite","@id":"https:\/\/mobleantic.com\/#website","url":"https:\/\/mobleantic.com\/","name":"Mueble Antic","description":"","publisher":{"@id":"https:\/\/mobleantic.com\/#organization"},"potentialAction":[{"@type":"SearchAction","target":{"@type":"EntryPoint","urlTemplate":"https:\/\/mobleantic.com\/?s={search_term_string}"},"query-input":{"@type":"PropertyValueSpecification","valueRequired":true,"valueName":"search_term_string"}}],"inLanguage":"ca"},{"@type":"Organization","@id":"https:\/\/mobleantic.com\/#organization","name":"Mueble Antic","url":"https:\/\/mobleantic.com\/","logo":{"@type":"ImageObject","inLanguage":"ca","@id":"https:\/\/mobleantic.com\/#\/schema\/logo\/image\/","url":"https:\/\/mobleantic.com\/wp-content\/uploads\/2025\/10\/logo.png","contentUrl":"https:\/\/mobleantic.com\/wp-content\/uploads\/2025\/10\/logo.png","width":812,"height":438,"caption":"Mueble Antic"},"image":{"@id":"https:\/\/mobleantic.com\/#\/schema\/logo\/image\/"}}]}},"_links":{"self":[{"href":"https:\/\/mobleantic.com\/ca\/wp-json\/wp\/v2\/pages\/1085","targetHints":{"allow":["GET"]}}],"collection":[{"href":"https:\/\/mobleantic.com\/ca\/wp-json\/wp\/v2\/pages"}],"about":[{"href":"https:\/\/mobleantic.com\/ca\/wp-json\/wp\/v2\/types\/page"}],"author":[{"embeddable":true,"href":"https:\/\/mobleantic.com\/ca\/wp-json\/wp\/v2\/users\/1"}],"replies":[{"embeddable":true,"href":"https:\/\/mobleantic.com\/ca\/wp-json\/wp\/v2\/comments?post=1085"}],"version-history":[{"count":12,"href":"https:\/\/mobleantic.com\/ca\/wp-json\/wp\/v2\/pages\/1085\/revisions"}],"predecessor-version":[{"id":1327,"href":"https:\/\/mobleantic.com\/ca\/wp-json\/wp\/v2\/pages\/1085\/revisions\/1327"}],"up":[{"embeddable":true,"href":"https:\/\/mobleantic.com\/ca\/wp-json\/wp\/v2\/pages\/1058"}],"wp:attachment":[{"href":"https:\/\/mobleantic.com\/ca\/wp-json\/wp\/v2\/media?parent=1085"}],"curies":[{"name":"wp","href":"https:\/\/api.w.org\/{rel}","templated":true}]}}