{"id":1069,"date":"2025-11-04T11:35:40","date_gmt":"2025-11-04T10:35:40","guid":{"rendered":"https:\/\/mobleantic.com\/serveis\/ferratges-i-material-de-restauracio\/"},"modified":"2026-02-27T15:56:51","modified_gmt":"2026-02-27T14:56:51","slug":"ferratges-i-material-de-restauracio","status":"publish","type":"page","link":"https:\/\/mobleantic.com\/ca\/serveis\/ferratges-i-material-de-restauracio\/","title":{"rendered":"Ferratges i material de restauraci\u00f3"},"content":{"rendered":"\t\t<div data-elementor-type=\"wp-page\" data-elementor-id=\"1069\" class=\"elementor elementor-1069 elementor-605\">\n\t\t\t\t<div class=\"elementor-element elementor-element-8e7b1dc e-flex e-con-boxed e-con e-parent\" data-id=\"8e7b1dc\" data-element_type=\"container\" data-e-type=\"container\" data-settings=\"{&quot;background_background&quot;:&quot;classic&quot;}\">\n\t\t\t\t\t<div class=\"e-con-inner\">\n\t\t\t\t<div class=\"elementor-element elementor-element-c1a179a elementor-invisible elementor-widget elementor-widget-heading\" data-id=\"c1a179a\" data-element_type=\"widget\" data-e-type=\"widget\" data-settings=\"{&quot;_animation&quot;:&quot;fadeInUp&quot;}\" data-widget_type=\"heading.default\">\n\t\t\t\t\t<h1 class=\"elementor-heading-title elementor-size-default\">Ferratges i material de restauraci\u00f3<\/h1>\t\t\t\t<\/div>\n\t\t\t\t<div class=\"elementor-element elementor-element-1a3b2bb elementor-hidden-mobile elementor-widget elementor-widget-eael-breadcrumbs\" data-id=\"1a3b2bb\" data-element_type=\"widget\" data-e-type=\"widget\" data-widget_type=\"eael-breadcrumbs.default\">\n\t\t\t\t<div class=\"elementor-widget-container\">\n\t\t\t\t\t\t\t<div class=\"eael-breadcrumbs\">\n\t\t\t<div class=\"eael-breadcrumbs__content\"><a href=\"https:\/\/mobleantic.com\/ca\/\">Inicio<\/a> <span class=\"eael-breadcrumb-separator\">&gt;<\/span> <span class = \"eael-current\">P\u00e0gina<\/span><\/div>\t\t<\/div>\n\t\t\t\t\t\t<\/div>\n\t\t\t\t<\/div>\n\t\t\t\t\t<\/div>\n\t\t\t\t<\/div>\n\t\t<div class=\"elementor-element elementor-element-49c40b0 e-flex e-con-boxed e-con e-parent\" data-id=\"49c40b0\" data-element_type=\"container\" data-e-type=\"container\">\n\t\t\t\t\t<div class=\"e-con-inner\">\n\t\t<div class=\"elementor-element elementor-element-3606960 e-con-full e-flex e-con e-child\" data-id=\"3606960\" data-element_type=\"container\" data-e-type=\"container\">\n\t\t\t\t<div class=\"elementor-element elementor-element-0f75f1e elementor-widget elementor-widget-heading\" data-id=\"0f75f1e\" data-element_type=\"widget\" data-e-type=\"widget\" data-widget_type=\"heading.default\">\n\t\t\t\t\t<div class=\"elementor-heading-title elementor-size-default\">Moble Antic<\/div>\t\t\t\t<\/div>\n\t\t\t\t<div class=\"elementor-element elementor-element-44a90d7 elementor-widget elementor-widget-heading\" data-id=\"44a90d7\" data-element_type=\"widget\" data-e-type=\"widget\" data-widget_type=\"heading.default\">\n\t\t\t\t\t<h2 class=\"elementor-heading-title elementor-size-default\">Ferratges i material de restauraci\u00f3 a Girona.<\/h2>\t\t\t\t<\/div>\n\t\t\t\t<\/div>\n\t\t<div class=\"elementor-element elementor-element-b607f99 e-con-full e-flex e-con e-child\" data-id=\"b607f99\" data-element_type=\"container\" data-e-type=\"container\">\n\t\t\t\t<div class=\"elementor-element elementor-element-90e2ec5 elementor-widget elementor-widget-text-editor\" data-id=\"90e2ec5\" data-element_type=\"widget\" data-e-type=\"widget\" data-widget_type=\"text-editor.default\">\n\t\t\t\t\t\t\t\t\t<p>A <strong>Moble Antic<\/strong> no nom\u00e9s restaurem mobles, tamb\u00e9 posem al teu abast les millors ferramentes i materials per a restauraci\u00f3, seleccionats amb cura per conservar l&#8217;autenticitat i l&#8217;estil de cada \u00e8poca.<\/p><p>Treballem amb peces exclusives procedents de <strong>fabricants artesans d&#8217;Estrasburg<\/strong>, cosa que ens converteix en distribu\u00efdors \u00fanics a la zona.<\/p><p>Si ets restaurador, ebenista o amant dels mobles antics, aqu\u00ed trobar\u00e0s tot all\u00f2 necessari per donar nova vida als teus projectes.<\/p>\t\t\t\t\t\t\t\t<\/div>\n\t\t\t\t<\/div>\n\t\t\t\t\t<\/div>\n\t\t\t\t<\/div>\n\t\t<div class=\"elementor-element elementor-element-3648441 e-flex e-con-boxed e-con e-parent\" data-id=\"3648441\" data-element_type=\"container\" data-e-type=\"container\" data-settings=\"{&quot;background_background&quot;:&quot;classic&quot;}\">\n\t\t\t\t\t<div class=\"e-con-inner\">\n\t\t<div class=\"elementor-element elementor-element-c6351f7 e-con-full e-flex e-con e-child\" data-id=\"c6351f7\" data-element_type=\"container\" data-e-type=\"container\">\n\t\t\t\t<div class=\"elementor-element elementor-element-8cf62c7 elementor-widget elementor-widget-heading\" data-id=\"8cf62c7\" data-element_type=\"widget\" data-e-type=\"widget\" data-widget_type=\"heading.default\">\n\t\t\t\t\t<h2 class=\"elementor-heading-title elementor-size-default\">Venda exclusiva de ferratges de <strong>FERRURES ET PATINES<\/strong><\/h2>\t\t\t\t<\/div>\n\t\t\t\t<div class=\"elementor-element elementor-element-7510073 elementor-widget elementor-widget-text-editor\" data-id=\"7510073\" data-element_type=\"widget\" data-e-type=\"widget\" data-widget_type=\"text-editor.default\">\n\t\t\t\t\t\t\t\t\t<p>Al nostre <strong>taller de Vilafant <\/strong>(Alt Empord\u00e0) comptem amb un ampli cat\u00e0leg de <strong>ferratges antics i accessoris per a restauraci\u00f3<\/strong>, tots ells de la prestigiosa marca <a href=\"https:\/\/www.ferrures.com\/\" target=\"_blank\" rel=\"noopener\">FERRURES ET PATINES<\/a>, reconeguda per la seva qualitat, fidelitat hist\u00f2rica i acabats impecables.<\/p><p>Disposem de:<\/p><ul><li>Tiradors cl\u00e0ssics i d&#8217;\u00e8poca<\/li><li>Bocaclaus, panys i claus antigues<\/li><li>Manetes i frontisses decoratives<\/li><li>Cargols i peces d&#8217;uni\u00f3 tradicionals<\/li><li>Productes i materials de restauraci\u00f3<\/li><\/ul><p>Cada article ha estat seleccionat per mantenir la coher\u00e8ncia est\u00e8tica i estructural dels mobles originals, respectant els estils barroc, modernista, proven\u00e7al, catal\u00e0 o contemporani.<\/p>\t\t\t\t\t\t\t\t<\/div>\n\t\t\t\t<\/div>\n\t\t<div class=\"elementor-element elementor-element-e8897c2 e-con-full e-flex e-con e-child\" data-id=\"e8897c2\" data-element_type=\"container\" data-e-type=\"container\">\n\t\t\t\t<div class=\"elementor-element elementor-element-ca31242 elementor-widget elementor-widget-heading\" data-id=\"ca31242\" data-element_type=\"widget\" data-e-type=\"widget\" data-widget_type=\"heading.default\">\n\t\t\t\t\t<h3 class=\"elementor-heading-title elementor-size-default\">Materials per <strong>restaurar <\/strong>amb precisi\u00f3 i autenticitat<\/h3>\t\t\t\t<\/div>\n\t\t\t\t<div class=\"elementor-element elementor-element-97579de elementor-widget elementor-widget-text-editor\" data-id=\"97579de\" data-element_type=\"widget\" data-e-type=\"widget\" data-widget_type=\"text-editor.default\">\n\t\t\t\t\t\t\t\t\t<p>A m\u00e9s de ferratges, oferim <strong>materials de restauraci\u00f3 <\/strong>perqu\u00e8 puguis treballar amb els mateixos est\u00e0ndards de qualitat que utilitzem al nostre taller.<\/p><p>Disposem de vernissos, ceres, cues naturals, tints i eines espec\u00edfiques que permeten conservar la p\u00e0tina i el car\u00e0cter de cada moble. Cada producte est\u00e0 pensat per a restauracions artesanals, garantint que el resultat final sigui durador, elegant i fidel a l&#8217;estil original. <\/p><p>El nostre equip us ofereix a m\u00e9s assessorament personalitzat sobre quins materials utilitzar segons la fusta, l&#8217;antiguitat i el tipus de moble que estiguis restaurant.<\/p>\t\t\t\t\t\t\t\t<\/div>\n\t\t\t\t<div class=\"elementor-element elementor-element-a156249 elementor-align-center elementor-widget elementor-widget-button\" data-id=\"a156249\" data-element_type=\"widget\" data-e-type=\"widget\" data-widget_type=\"button.default\">\n\t\t\t\t\t\t\t\t\t\t<a class=\"elementor-button elementor-button-link elementor-size-sm\" href=\"https:\/\/mobleantic.com\/ca\/contacte\/\">\n\t\t\t\t\t\t<span class=\"elementor-button-content-wrapper\">\n\t\t\t\t\t\t\t\t\t<span class=\"elementor-button-text\">Demana una valoraci\u00f3 sense comprom\u00eds<\/span>\n\t\t\t\t\t<\/span>\n\t\t\t\t\t<\/a>\n\t\t\t\t\t\t\t\t<\/div>\n\t\t\t\t<\/div>\n\t\t\t\t\t<\/div>\n\t\t\t\t<\/div>\n\t\t<div class=\"elementor-element elementor-element-2cc72a1 e-flex e-con-boxed e-con e-parent\" data-id=\"2cc72a1\" data-element_type=\"container\" data-e-type=\"container\">\n\t\t\t\t\t<div class=\"e-con-inner\">\n\t\t<div class=\"elementor-element elementor-element-da11a93 e-con-full e-flex e-con e-child\" data-id=\"da11a93\" data-element_type=\"container\" data-e-type=\"container\">\n\t\t\t\t<div class=\"elementor-element elementor-element-6938a9b elementor-widget elementor-widget-heading\" data-id=\"6938a9b\" data-element_type=\"widget\" data-e-type=\"widget\" data-widget_type=\"heading.default\">\n\t\t\t\t\t<h3 class=\"elementor-heading-title elementor-size-default\"><strong>Assessorament <\/strong>a professionals i particulars<\/h3>\t\t\t\t<\/div>\n\t\t\t\t<div class=\"elementor-element elementor-element-ba65541 elementor-widget elementor-widget-text-editor\" data-id=\"ba65541\" data-element_type=\"widget\" data-e-type=\"widget\" data-widget_type=\"text-editor.default\">\n\t\t\t\t\t\t\t\t\t<p>Tant si ets professional del sector com si desitges <strong>restaurar un moble<\/strong> familiar, a Moble Antic t&#8217;ajudem a triar els ferratges i materials adequats per a cada projecte.<\/p><p>Compartim la nostra experi\u00e8ncia de gaireb\u00e9 quatre d\u00e8cades a ebenisteria perqu\u00e8 cada client pugui gaudir del proc\u00e9s de restaurar i conservar el seu moble amb total confian\u00e7a.<\/p>\t\t\t\t\t\t\t\t<\/div>\n\t\t\t\t<div class=\"elementor-element elementor-element-b19d352 elementor-widget elementor-widget-text-editor\" data-id=\"b19d352\" data-element_type=\"widget\" data-e-type=\"widget\" data-widget_type=\"text-editor.default\">\n\t\t\t\t\t\t\t\t\t<blockquote><p>\u201cM&#8217;agradaria que tothom pogu\u00e9s valorar i con\u00e8ixer molt m\u00e9s tot el proc\u00e9s que hi ha darrere del treball de la fusta\u201d.<br>&#8211; Jordi Fabra<\/p><\/blockquote>\t\t\t\t\t\t\t\t<\/div>\n\t\t\t\t<\/div>\n\t\t<div class=\"elementor-element elementor-element-ded527b e-con-full e-flex e-con e-child\" data-id=\"ded527b\" data-element_type=\"container\" data-e-type=\"container\">\n\t\t\t\t<div class=\"elementor-element elementor-element-a046d38 elementor-widget elementor-widget-image\" data-id=\"a046d38\" data-element_type=\"widget\" data-e-type=\"widget\" data-widget_type=\"image.default\">\n\t\t\t\t\t\t\t\t\t\t\t\t\t\t\t<img fetchpriority=\"high\" decoding=\"async\" width=\"728\" height=\"512\" src=\"https:\/\/mobleantic.com\/wp-content\/uploads\/2025\/11\/ferrures-01.jpg\" class=\"attachment-large size-large wp-image-1068\" alt=\"ferrures\" srcset=\"https:\/\/mobleantic.com\/wp-content\/uploads\/2025\/11\/ferrures-01.jpg 728w, https:\/\/mobleantic.com\/wp-content\/uploads\/2025\/11\/ferrures-01-600x422.jpg 600w\" sizes=\"(max-width: 728px) 100vw, 728px\" \/>\t\t\t\t\t\t\t\t\t\t\t\t\t\t\t<\/div>\n\t\t\t\t<\/div>\n\t\t\t\t\t<\/div>\n\t\t\t\t<\/div>\n\t\t<div class=\"elementor-element elementor-element-2c7d488 e-flex e-con-boxed e-con e-parent\" data-id=\"2c7d488\" data-element_type=\"container\" data-e-type=\"container\" data-settings=\"{&quot;background_background&quot;:&quot;classic&quot;}\">\n\t\t\t\t\t<div class=\"e-con-inner\">\n\t\t<div class=\"elementor-element elementor-element-4d4a356 e-con-full e-flex e-con e-child\" data-id=\"4d4a356\" data-element_type=\"container\" data-e-type=\"container\">\n\t\t\t\t<div class=\"elementor-element elementor-element-fb59e50 elementor-widget elementor-widget-heading\" data-id=\"fb59e50\" data-element_type=\"widget\" data-e-type=\"widget\" data-widget_type=\"heading.default\">\n\t\t\t\t\t<h3 class=\"elementor-heading-title elementor-size-default\">Busques ferratges o materials per als teus projectes de restauraci\u00f3?<\/h3>\t\t\t\t<\/div>\n\t\t\t\t<\/div>\n\t\t<div class=\"elementor-element elementor-element-cb67475 e-con-full e-flex e-con e-child\" data-id=\"cb67475\" data-element_type=\"container\" data-e-type=\"container\">\n\t\t\t\t<div class=\"elementor-element elementor-element-1c213c4 elementor-widget elementor-widget-text-editor\" data-id=\"1c213c4\" data-element_type=\"widget\" data-e-type=\"widget\" data-widget_type=\"text-editor.default\">\n\t\t\t\t\t\t\t\t\t<p>Descobreix la nostra selecci\u00f3 exclusiva de FERRURES ET PATINES. Escriu-nos per whatsApp al 620349742 o vine a visitar-nos a Vilafant, Alt Empord\u00e0.<\/p>\t\t\t\t\t\t\t\t<\/div>\n\t\t\t\t<div class=\"elementor-element elementor-element-84257e2 elementor-align-center elementor-widget elementor-widget-button\" data-id=\"84257e2\" data-element_type=\"widget\" data-e-type=\"widget\" data-widget_type=\"button.default\">\n\t\t\t\t\t\t\t\t\t\t<a class=\"elementor-button elementor-button-link elementor-size-sm\" href=\"https:\/\/mobleantic.com\/ca\/contacte\/\">\n\t\t\t\t\t\t<span class=\"elementor-button-content-wrapper\">\n\t\t\t\t\t\t\t\t\t<span class=\"elementor-button-text\">Contacta amb Moble Antic<\/span>\n\t\t\t\t\t<\/span>\n\t\t\t\t\t<\/a>\n\t\t\t\t\t\t\t\t<\/div>\n\t\t\t\t<\/div>\n\t\t\t\t\t<\/div>\n\t\t\t\t<\/div>\n\t\t\t\t<\/div>\n\t\t","protected":false},"excerpt":{"rendered":"<p>Ferratges i material de restauraci\u00f3 Inicio &gt; P\u00e1gina Moble Antic Ferratges i material de restauraci\u00f3 a Girona. A Moble Antic [&hellip;]<\/p>\n","protected":false},"author":1,"featured_media":0,"parent":1058,"menu_order":0,"comment_status":"closed","ping_status":"closed","template":"","meta":{"_monsterinsights_skip_tracking":false,"_monsterinsights_sitenote_active":false,"_monsterinsights_sitenote_note":"","_monsterinsights_sitenote_category":0,"site-sidebar-layout":"no-sidebar","site-content-layout":"","ast-site-content-layout":"full-width-container","site-content-style":"default","site-sidebar-style":"default","ast-global-header-display":"","ast-banner-title-visibility":"","ast-main-header-display":"","ast-hfb-above-header-display":"","ast-hfb-below-header-display":"","ast-hfb-mobile-header-display":"","site-post-title":"disabled","ast-breadcrumbs-content":"","ast-featured-img":"disabled","footer-sml-layout":"","ast-disable-related-posts":"","theme-transparent-header-meta":"default","adv-header-id-meta":"","stick-header-meta":"default","header-above-stick-meta":"","header-main-stick-meta":"","header-below-stick-meta":"","astra-migrate-meta-layouts":"set","ast-page-background-enabled":"default","ast-page-background-meta":{"desktop":{"background-color":"var(--ast-global-color-5)","background-image":"","background-repeat":"repeat","background-position":"center center","background-size":"auto","background-attachment":"scroll","background-type":"","background-media":"","overlay-type":"","overlay-color":"","overlay-opacity":"","overlay-gradient":""},"tablet":{"background-color":"","background-image":"","background-repeat":"repeat","background-position":"center center","background-size":"auto","background-attachment":"scroll","background-type":"","background-media":"","overlay-type":"","overlay-color":"","overlay-opacity":"","overlay-gradient":""},"mobile":{"background-color":"","background-image":"","background-repeat":"repeat","background-position":"center center","background-size":"auto","background-attachment":"scroll","background-type":"","background-media":"","overlay-type":"","overlay-color":"","overlay-opacity":"","overlay-gradient":""}},"ast-content-background-meta":{"desktop":{"background-color":"var(--ast-global-color-4)","background-image":"","background-repeat":"repeat","background-position":"center center","background-size":"auto","background-attachment":"scroll","background-type":"","background-media":"","overlay-type":"","overlay-color":"","overlay-opacity":"","overlay-gradient":""},"tablet":{"background-color":"var(--ast-global-color-4)","background-image":"","background-repeat":"repeat","background-position":"center center","background-size":"auto","background-attachment":"scroll","background-type":"","background-media":"","overlay-type":"","overlay-color":"","overlay-opacity":"","overlay-gradient":""},"mobile":{"background-color":"var(--ast-global-color-4)","background-image":"","background-repeat":"repeat","background-position":"center center","background-size":"auto","background-attachment":"scroll","background-type":"","background-media":"","overlay-type":"","overlay-color":"","overlay-opacity":"","overlay-gradient":""}},"footnotes":""},"class_list":["post-1069","page","type-page","status-publish","hentry"],"yoast_head":"<!-- This site is optimized with the Yoast SEO plugin v27.4 - https:\/\/yoast.com\/product\/yoast-seo-wordpress\/ -->\n<title>Ferratges i material de restauraci\u00f3 - Moble Antic<\/title>\n<meta name=\"description\" content=\"A Moble Antic posem al teu abast els millors ferratges i materials per a restauraci\u00f3, seleccionats amb cura, Girona, Catalunya.\" \/>\n<meta name=\"robots\" content=\"index, follow, max-snippet:-1, max-image-preview:large, max-video-preview:-1\" \/>\n<link rel=\"canonical\" href=\"https:\/\/mobleantic.com\/servicios\/herrajes-y-material-de-restauracion\/\" \/>\n<meta property=\"og:locale\" content=\"ca_ES\" \/>\n<meta property=\"og:type\" content=\"article\" \/>\n<meta property=\"og:title\" content=\"Ferratges i material de restauraci\u00f3 - Moble Antic\" \/>\n<meta property=\"og:description\" content=\"A Moble Antic posem al teu abast els millors ferratges i materials per a restauraci\u00f3, seleccionats amb cura, Girona, Catalunya.\" \/>\n<meta property=\"og:url\" content=\"https:\/\/mobleantic.com\/servicios\/herrajes-y-material-de-restauracion\/\" \/>\n<meta property=\"og:site_name\" content=\"Mueble Antic\" \/>\n<meta property=\"article:modified_time\" content=\"2026-02-27T14:56:51+00:00\" \/>\n<meta property=\"og:image\" content=\"https:\/\/mobleantic.com\/wp-content\/uploads\/2025\/11\/ferrures-01.jpg\" \/>\n\t<meta property=\"og:image:width\" content=\"728\" \/>\n\t<meta property=\"og:image:height\" content=\"512\" \/>\n\t<meta property=\"og:image:type\" content=\"image\/jpeg\" \/>\n<meta name=\"twitter:card\" content=\"summary_large_image\" \/>\n<meta name=\"twitter:label1\" content=\"Temps estimat de lectura\" \/>\n\t<meta name=\"twitter:data1\" content=\"1 minut\" \/>\n<script type=\"application\/ld+json\" class=\"yoast-schema-graph\">{\"@context\":\"https:\\\/\\\/schema.org\",\"@graph\":[{\"@type\":\"WebPage\",\"@id\":\"https:\\\/\\\/mobleantic.com\\\/servicios\\\/herrajes-y-material-de-restauracion\\\/\",\"url\":\"https:\\\/\\\/mobleantic.com\\\/servicios\\\/herrajes-y-material-de-restauracion\\\/\",\"name\":\"Ferratges i material de restauraci\u00f3 - Moble Antic\",\"isPartOf\":{\"@id\":\"https:\\\/\\\/mobleantic.com\\\/#website\"},\"primaryImageOfPage\":{\"@id\":\"https:\\\/\\\/mobleantic.com\\\/servicios\\\/herrajes-y-material-de-restauracion\\\/#primaryimage\"},\"image\":{\"@id\":\"https:\\\/\\\/mobleantic.com\\\/servicios\\\/herrajes-y-material-de-restauracion\\\/#primaryimage\"},\"thumbnailUrl\":\"https:\\\/\\\/mobleantic.com\\\/wp-content\\\/uploads\\\/2025\\\/11\\\/ferrures-01.jpg\",\"datePublished\":\"2025-11-04T10:35:40+00:00\",\"dateModified\":\"2026-02-27T14:56:51+00:00\",\"description\":\"A Moble Antic posem al teu abast els millors ferratges i materials per a restauraci\u00f3, seleccionats amb cura, Girona, Catalunya.\",\"breadcrumb\":{\"@id\":\"https:\\\/\\\/mobleantic.com\\\/servicios\\\/herrajes-y-material-de-restauracion\\\/#breadcrumb\"},\"inLanguage\":\"ca\",\"potentialAction\":[{\"@type\":\"ReadAction\",\"target\":[\"https:\\\/\\\/mobleantic.com\\\/servicios\\\/herrajes-y-material-de-restauracion\\\/\"]}]},{\"@type\":\"ImageObject\",\"inLanguage\":\"ca\",\"@id\":\"https:\\\/\\\/mobleantic.com\\\/servicios\\\/herrajes-y-material-de-restauracion\\\/#primaryimage\",\"url\":\"https:\\\/\\\/mobleantic.com\\\/wp-content\\\/uploads\\\/2025\\\/11\\\/ferrures-01.jpg\",\"contentUrl\":\"https:\\\/\\\/mobleantic.com\\\/wp-content\\\/uploads\\\/2025\\\/11\\\/ferrures-01.jpg\"},{\"@type\":\"BreadcrumbList\",\"@id\":\"https:\\\/\\\/mobleantic.com\\\/servicios\\\/herrajes-y-material-de-restauracion\\\/#breadcrumb\",\"itemListElement\":[{\"@type\":\"ListItem\",\"position\":1,\"name\":\"Portada\",\"item\":\"https:\\\/\\\/mobleantic.com\\\/\"},{\"@type\":\"ListItem\",\"position\":2,\"name\":\"Serveis\",\"item\":\"https:\\\/\\\/mobleantic.com\\\/servicios\\\/\"},{\"@type\":\"ListItem\",\"position\":3,\"name\":\"Ferratges i material de restauraci\u00f3\"}]},{\"@type\":\"WebSite\",\"@id\":\"https:\\\/\\\/mobleantic.com\\\/#website\",\"url\":\"https:\\\/\\\/mobleantic.com\\\/\",\"name\":\"Mueble Antic\",\"description\":\"\",\"publisher\":{\"@id\":\"https:\\\/\\\/mobleantic.com\\\/#organization\"},\"potentialAction\":[{\"@type\":\"SearchAction\",\"target\":{\"@type\":\"EntryPoint\",\"urlTemplate\":\"https:\\\/\\\/mobleantic.com\\\/?s={search_term_string}\"},\"query-input\":{\"@type\":\"PropertyValueSpecification\",\"valueRequired\":true,\"valueName\":\"search_term_string\"}}],\"inLanguage\":\"ca\"},{\"@type\":\"Organization\",\"@id\":\"https:\\\/\\\/mobleantic.com\\\/#organization\",\"name\":\"Mueble Antic\",\"url\":\"https:\\\/\\\/mobleantic.com\\\/\",\"logo\":{\"@type\":\"ImageObject\",\"inLanguage\":\"ca\",\"@id\":\"https:\\\/\\\/mobleantic.com\\\/#\\\/schema\\\/logo\\\/image\\\/\",\"url\":\"https:\\\/\\\/mobleantic.com\\\/wp-content\\\/uploads\\\/2025\\\/10\\\/logo.png\",\"contentUrl\":\"https:\\\/\\\/mobleantic.com\\\/wp-content\\\/uploads\\\/2025\\\/10\\\/logo.png\",\"width\":812,\"height\":438,\"caption\":\"Mueble Antic\"},\"image\":{\"@id\":\"https:\\\/\\\/mobleantic.com\\\/#\\\/schema\\\/logo\\\/image\\\/\"}}]}<\/script>\n<!-- \/ Yoast SEO plugin. -->","yoast_head_json":{"title":"Ferratges i material de restauraci\u00f3 - Moble Antic","description":"A Moble Antic posem al teu abast els millors ferratges i materials per a restauraci\u00f3, seleccionats amb cura, Girona, Catalunya.","robots":{"index":"index","follow":"follow","max-snippet":"max-snippet:-1","max-image-preview":"max-image-preview:large","max-video-preview":"max-video-preview:-1"},"canonical":"https:\/\/mobleantic.com\/servicios\/herrajes-y-material-de-restauracion\/","og_locale":"ca_ES","og_type":"article","og_title":"Ferratges i material de restauraci\u00f3 - Moble Antic","og_description":"A Moble Antic posem al teu abast els millors ferratges i materials per a restauraci\u00f3, seleccionats amb cura, Girona, Catalunya.","og_url":"https:\/\/mobleantic.com\/servicios\/herrajes-y-material-de-restauracion\/","og_site_name":"Mueble Antic","article_modified_time":"2026-02-27T14:56:51+00:00","og_image":[{"width":728,"height":512,"url":"https:\/\/mobleantic.com\/wp-content\/uploads\/2025\/11\/ferrures-01.jpg","type":"image\/jpeg"}],"twitter_card":"summary_large_image","twitter_misc":{"Temps estimat de lectura":"1 minut"},"schema":{"@context":"https:\/\/schema.org","@graph":[{"@type":"WebPage","@id":"https:\/\/mobleantic.com\/servicios\/herrajes-y-material-de-restauracion\/","url":"https:\/\/mobleantic.com\/servicios\/herrajes-y-material-de-restauracion\/","name":"Ferratges i material de restauraci\u00f3 - Moble Antic","isPartOf":{"@id":"https:\/\/mobleantic.com\/#website"},"primaryImageOfPage":{"@id":"https:\/\/mobleantic.com\/servicios\/herrajes-y-material-de-restauracion\/#primaryimage"},"image":{"@id":"https:\/\/mobleantic.com\/servicios\/herrajes-y-material-de-restauracion\/#primaryimage"},"thumbnailUrl":"https:\/\/mobleantic.com\/wp-content\/uploads\/2025\/11\/ferrures-01.jpg","datePublished":"2025-11-04T10:35:40+00:00","dateModified":"2026-02-27T14:56:51+00:00","description":"A Moble Antic posem al teu abast els millors ferratges i materials per a restauraci\u00f3, seleccionats amb cura, Girona, Catalunya.","breadcrumb":{"@id":"https:\/\/mobleantic.com\/servicios\/herrajes-y-material-de-restauracion\/#breadcrumb"},"inLanguage":"ca","potentialAction":[{"@type":"ReadAction","target":["https:\/\/mobleantic.com\/servicios\/herrajes-y-material-de-restauracion\/"]}]},{"@type":"ImageObject","inLanguage":"ca","@id":"https:\/\/mobleantic.com\/servicios\/herrajes-y-material-de-restauracion\/#primaryimage","url":"https:\/\/mobleantic.com\/wp-content\/uploads\/2025\/11\/ferrures-01.jpg","contentUrl":"https:\/\/mobleantic.com\/wp-content\/uploads\/2025\/11\/ferrures-01.jpg"},{"@type":"BreadcrumbList","@id":"https:\/\/mobleantic.com\/servicios\/herrajes-y-material-de-restauracion\/#breadcrumb","itemListElement":[{"@type":"ListItem","position":1,"name":"Portada","item":"https:\/\/mobleantic.com\/"},{"@type":"ListItem","position":2,"name":"Serveis","item":"https:\/\/mobleantic.com\/servicios\/"},{"@type":"ListItem","position":3,"name":"Ferratges i material de restauraci\u00f3"}]},{"@type":"WebSite","@id":"https:\/\/mobleantic.com\/#website","url":"https:\/\/mobleantic.com\/","name":"Mueble Antic","description":"","publisher":{"@id":"https:\/\/mobleantic.com\/#organization"},"potentialAction":[{"@type":"SearchAction","target":{"@type":"EntryPoint","urlTemplate":"https:\/\/mobleantic.com\/?s={search_term_string}"},"query-input":{"@type":"PropertyValueSpecification","valueRequired":true,"valueName":"search_term_string"}}],"inLanguage":"ca"},{"@type":"Organization","@id":"https:\/\/mobleantic.com\/#organization","name":"Mueble Antic","url":"https:\/\/mobleantic.com\/","logo":{"@type":"ImageObject","inLanguage":"ca","@id":"https:\/\/mobleantic.com\/#\/schema\/logo\/image\/","url":"https:\/\/mobleantic.com\/wp-content\/uploads\/2025\/10\/logo.png","contentUrl":"https:\/\/mobleantic.com\/wp-content\/uploads\/2025\/10\/logo.png","width":812,"height":438,"caption":"Mueble Antic"},"image":{"@id":"https:\/\/mobleantic.com\/#\/schema\/logo\/image\/"}}]}},"_links":{"self":[{"href":"https:\/\/mobleantic.com\/ca\/wp-json\/wp\/v2\/pages\/1069","targetHints":{"allow":["GET"]}}],"collection":[{"href":"https:\/\/mobleantic.com\/ca\/wp-json\/wp\/v2\/pages"}],"about":[{"href":"https:\/\/mobleantic.com\/ca\/wp-json\/wp\/v2\/types\/page"}],"author":[{"embeddable":true,"href":"https:\/\/mobleantic.com\/ca\/wp-json\/wp\/v2\/users\/1"}],"replies":[{"embeddable":true,"href":"https:\/\/mobleantic.com\/ca\/wp-json\/wp\/v2\/comments?post=1069"}],"version-history":[{"count":12,"href":"https:\/\/mobleantic.com\/ca\/wp-json\/wp\/v2\/pages\/1069\/revisions"}],"predecessor-version":[{"id":1321,"href":"https:\/\/mobleantic.com\/ca\/wp-json\/wp\/v2\/pages\/1069\/revisions\/1321"}],"up":[{"embeddable":true,"href":"https:\/\/mobleantic.com\/ca\/wp-json\/wp\/v2\/pages\/1058"}],"wp:attachment":[{"href":"https:\/\/mobleantic.com\/ca\/wp-json\/wp\/v2\/media?parent=1069"}],"curies":[{"name":"wp","href":"https:\/\/api.w.org\/{rel}","templated":true}]}}